{"id":4683,"date":"2023-05-30T14:17:44","date_gmt":"2023-05-30T14:17:44","guid":{"rendered":"https:\/\/biharertekei.hu\/?page_id=4683"},"modified":"2023-08-31T09:37:09","modified_gmt":"2023-08-31T09:37:09","slug":"tao","status":"publish","type":"page","link":"https:\/\/biharertekei.hu\/index.php\/tao\/","title":{"rendered":"TAO"},"content":{"rendered":"<section class=\"wpb-content-wrapper\"><p>[vc_row css=&#8221;.vc_custom_1685460096338{margin-bottom: 50px !important;}&#8221;][vc_column][vc_column_text]<\/p>\n<h3 style=\"text-align: center;\">TAO hat\u00e1rozatok<\/h3>\n<h4 style=\"text-align: center;\"><img loading=\"lazy\" decoding=\"async\" class=\"alignnone wp-image-4804 size-medium\" src=\"https:\/\/biharertekei.hu\/wp-content\/uploads\/2023\/08\/Bihar3-300x300.png\" alt=\"\" width=\"300\" height=\"300\" srcset=\"https:\/\/biharertekei.hu\/wp-content\/uploads\/2023\/08\/Bihar3-300x300.png 300w, https:\/\/biharertekei.hu\/wp-content\/uploads\/2023\/08\/Bihar3-150x150.png 150w, https:\/\/biharertekei.hu\/wp-content\/uploads\/2023\/08\/Bihar3.png 500w\" sizes=\"auto, (max-width: 300px) 100vw, 300px\" \/><\/h4>\n<h4 style=\"text-align: center;\">A dokumentumok megtekint\u00e9s\u00e9hez, let\u00f6lt\u00e9s\u00e9hez,<br \/>\naz adott p\u00e1ly\u00e1zat vagy hat\u00e1rozat nev\u00e9re kell kattintani!<\/h4>\n<h4 style=\"text-align: center;\"><\/h4>\n<p style=\"text-align: center;\"><a href=\"https:\/\/biharertekei.hu\/wp-content\/uploads\/2023\/08\/Alapito-okirat.pdf\" target=\"_blank\" rel=\"noopener\">Alap\u00edt\u00f3 okirat<\/a><\/p>\n<p style=\"text-align: center;\"><a href=\"https:\/\/biharertekei.hu\/wp-content\/uploads\/2023\/08\/Alapito-okirat-misszio.pdf\" target=\"_blank\" rel=\"noopener\">Alap\u00edt\u00f3 okirat misszi\u00f3<\/a><\/p>\n<p>[\/vc_column_text][\/vc_column][\/vc_row]<\/p>\n<\/section>","protected":false},"excerpt":{"rendered":"<p>[vc_row css=&#8221;.vc_custom_1685460096338{margin-bottom: 50px !important;}&#8221;][vc_column][vc_column_text] TAO hat\u00e1rozatok A dokumentumok megtekint\u00e9s\u00e9hez, let\u00f6lt\u00e9s\u00e9hez, az adott p\u00e1ly\u00e1zat vagy hat\u00e1rozat nev\u00e9re kell kattintani! Alap\u00edt\u00f3 okirat Alap\u00edt\u00f3 okirat misszi\u00f3 [\/vc_column_text][\/vc_column][\/vc_row]<\/p>\n","protected":false},"author":1,"featured_media":0,"parent":0,"menu_order":0,"comment_status":"closed","ping_status":"closed","template":"","meta":{"footnotes":""},"class_list":["post-4683","page","type-page","status-publish","hentry"],"_links":{"self":[{"href":"https:\/\/biharertekei.hu\/index.php\/wp-json\/wp\/v2\/pages\/4683","targetHints":{"allow":["GET"]}}],"collection":[{"href":"https:\/\/biharertekei.hu\/index.php\/wp-json\/wp\/v2\/pages"}],"about":[{"href":"https:\/\/biharertekei.hu\/index.php\/wp-json\/wp\/v2\/types\/page"}],"author":[{"embeddable":true,"href":"https:\/\/biharertekei.hu\/index.php\/wp-json\/wp\/v2\/users\/1"}],"replies":[{"embeddable":true,"href":"https:\/\/biharertekei.hu\/index.php\/wp-json\/wp\/v2\/comments?post=4683"}],"version-history":[{"count":11,"href":"https:\/\/biharertekei.hu\/index.php\/wp-json\/wp\/v2\/pages\/4683\/revisions"}],"predecessor-version":[{"id":4810,"href":"https:\/\/biharertekei.hu\/index.php\/wp-json\/wp\/v2\/pages\/4683\/revisions\/4810"}],"wp:attachment":[{"href":"https:\/\/biharertekei.hu\/index.php\/wp-json\/wp\/v2\/media?parent=4683"}],"curies":[{"name":"wp","href":"https:\/\/api.w.org\/{rel}","templated":true}]}}