{"id":4665,"date":"2023-05-24T11:41:03","date_gmt":"2023-05-24T11:41:03","guid":{"rendered":"https:\/\/biharertekei.hu\/?page_id=4665"},"modified":"2023-08-31T12:23:44","modified_gmt":"2023-08-31T12:23:44","slug":"kapcsolat","status":"publish","type":"page","link":"https:\/\/biharertekei.hu\/index.php\/kapcsolat\/","title":{"rendered":"Kapcsolat"},"content":{"rendered":"<section class=\"wpb-content-wrapper\"><p>[vc_row full_width=&#8221;stretch_row_content_no_spaces&#8221;][vc_column]<div id=\"sc_googlemap_1138941984\" class=\"sc_googlemap\" style=\"width:100%;height:510px;\" data-animation=\"animated  normal\" data-zoom=\"16\" data-style=\"default\"><iframe src=\"https:\/\/maps.google.com\/maps?t=m&output=embed&iwloc=near&z=16&q=4285+%C3%81lmosd+J%C3%B3kai+utca+167.@47.41975472715744-21.97874972805069\" scrolling=\"no\" marginheight=\"0\" marginwidth=\"0\" frameborder=\"0\" aria-label=\"\"><\/iframe><\/div>[\/vc_column][\/vc_row][vc_row el_class=&#8221;contact_us&#8221; css=&#8221;.vc_custom_1560767629517{padding-top: 5.4rem !important;padding-bottom: 8rem !important;}&#8221;][vc_column width=&#8221;5\/12&#8243; el_class=&#8221;sc_form&#8221;]<h4 class=\"sc_title sc_title_regular sc_align_left margin_top_null\" style=\"text-align:left;\" data-animation=\"animated  normal\">El\u00e9rhet\u0151s\u00e9gek<\/h4>[vc_column_text]<\/p>\n<h6>Kiss Emese Bogl\u00e1rka eln\u00f6k<\/h6>\n<div><strong>Tel:<\/strong> <a href=\"tel:+36704579367\">+36 70 457 93 67<\/a><\/div>\n<div><\/div>\n<div><\/div>\n<h6>Iroda<\/h6>\n<div><\/div>\n<div class=\"sc_form_address_field\"><span class=\"sc_form_address_label\">C\u00cdm:<\/span> 4285 \u00c1lmosd J\u00f3kai utca 16.<\/div>\n<div class=\"sc_form_address_field\"><span class=\"sc_form_address_label\">Tel: <\/span><span class=\"sc_form_address_data\"><a href=\"tel:+36706116142\">+36 70 611 61 42<\/a><\/span><\/div>\n<div class=\"sc_form_address_field\"><span class=\"sc_form_address_label\">Email: <\/span><span class=\"sc_form_address_data\"><a href=\"mailto:almosdisportklub@gmail.com\">almosdisportklub@gmail.com<\/a><\/span><\/div>\n<div><\/div>\n<p>[\/vc_column_text]<div class=\"sc_socials sc_socials_type_icons sc_socials_shape_round sc_socials_size_tiny margin_bottom_small\" data-animation=\"animated  normal\"><div class=\"sc_socials_item\"><a href=\"https:\/\/www.facebook.com\/profile.php?id=100088348512878\" target=\"_blank\" class=\"social_icons social_facebook\"><span class=\"icon-facebook\"><\/span><\/a><\/div><\/div>[\/vc_column][vc_column width=&#8221;7\/12&#8243;]\n<div class=\"wpcf7 no-js\" id=\"wpcf7-f1900-o1\" lang=\"en-US\" dir=\"ltr\">\n<div class=\"screen-reader-response\"><p role=\"status\" aria-live=\"polite\" aria-atomic=\"true\"><\/p> <ul><\/ul><\/div>\n<form action=\"\/index.php\/wp-json\/wp\/v2\/pages\/4665#wpcf7-f1900-o1\" method=\"post\" class=\"wpcf7-form init\" aria-label=\"Contact form\" novalidate=\"novalidate\" data-status=\"init\">\n<div style=\"display: none;\">\n<input type=\"hidden\" name=\"_wpcf7\" value=\"1900\" \/>\n<input type=\"hidden\" name=\"_wpcf7_version\" value=\"5.7.6\" \/>\n<input type=\"hidden\" name=\"_wpcf7_locale\" value=\"en_US\" \/>\n<input type=\"hidden\" name=\"_wpcf7_unit_tag\" value=\"wpcf7-f1900-o1\" \/>\n<input type=\"hidden\" name=\"_wpcf7_container_post\" value=\"0\" \/>\n<input type=\"hidden\" name=\"_wpcf7_posted_data_hash\" value=\"\" \/>\n<\/div>\n<div class='itm row' >\n\t<p><span class=\"wpcf7-form-control-wrap\" data-name=\"your-name\"><input size=\"40\" class=\"wpcf7-form-control wpcf7-text wpcf7-validates-as-required\" aria-required=\"true\" aria-invalid=\"false\" placeholder=\"N\u00e9v*\" value=\"\" type=\"text\" name=\"your-name\" \/><\/span>\n\t<\/p>\n<\/div>\n<div class='itm row'>\n\t<p><span class=\"wpcf7-form-control-wrap\" data-name=\"your-email\"><input size=\"40\" class=\"wpcf7-form-control wpcf7-text wpcf7-email wpcf7-validates-as-required wpcf7-validates-as-email\" aria-required=\"true\" aria-invalid=\"false\" placeholder=\"E-mail*\" value=\"\" type=\"email\" name=\"your-email\" \/><\/span>\n\t<\/p>\n<\/div>\n<div class='row'>\n\t<p><span class=\"wpcf7-form-control-wrap\" data-name=\"your-subject\"><input size=\"40\" class=\"wpcf7-form-control wpcf7-text\" aria-invalid=\"false\" placeholder=\"T\u00e1rgy\" value=\"\" type=\"text\" name=\"your-subject\" \/><\/span>\n\t<\/p>\n<\/div>\n<div class=''>\n\t<p><span class=\"wpcf7-form-control-wrap\" data-name=\"your-message\"><textarea cols=\"40\" rows=\"10\" class=\"wpcf7-form-control wpcf7-textarea\" aria-invalid=\"false\" placeholder=\"\u00dczenet\" name=\"your-message\"><\/textarea><\/span>\n\t<\/p>\n<\/div>\n<div class=\"sc_form_field sc_form_field_button sc_form_field_submit\">\n\t<p><input class=\"wpcf7-form-control has-spinner wpcf7-submit\" type=\"submit\" value=\"K\u00fcld\u00e9s\" \/>\n\t<\/p>\n<\/div><p style=\"display: none !important;\"><label>&#916;<textarea name=\"_wpcf7_ak_hp_textarea\" cols=\"45\" rows=\"8\" maxlength=\"100\"><\/textarea><\/label><input type=\"hidden\" id=\"ak_js_1\" name=\"_wpcf7_ak_js\" value=\"7\"\/><script>document.getElementById( \"ak_js_1\" ).setAttribute( \"value\", ( new Date() ).getTime() );<\/script><\/p><div class=\"wpcf7-response-output\" aria-hidden=\"true\"><\/div>\n<\/form>\n<\/div>\n[\/vc_column][\/vc_row]<\/p>\n<\/section>","protected":false},"excerpt":{"rendered":"<p>[vc_row full_width=&#8221;stretch_row_content_no_spaces&#8221;][vc_column][\/vc_column][\/vc_row][vc_row el_class=&#8221;contact_us&#8221; css=&#8221;.vc_custom_1560767629517{padding-top: 5.4rem !important;padding-bottom: 8rem !important;}&#8221;][vc_column width=&#8221;5\/12&#8243; el_class=&#8221;sc_form&#8221;][vc_column_text] Kiss Emese Bogl\u00e1rka eln\u00f6k Tel: +36 70 457 93 67 Iroda C\u00cdm: 4285 \u00c1lmosd J\u00f3kai utca 16. Tel: +36 70 [&hellip;]<\/p>\n","protected":false},"author":1,"featured_media":0,"parent":0,"menu_order":0,"comment_status":"closed","ping_status":"closed","template":"","meta":{"footnotes":""},"class_list":["post-4665","page","type-page","status-publish","hentry"],"_links":{"self":[{"href":"https:\/\/biharertekei.hu\/index.php\/wp-json\/wp\/v2\/pages\/4665","targetHints":{"allow":["GET"]}}],"collection":[{"href":"https:\/\/biharertekei.hu\/index.php\/wp-json\/wp\/v2\/pages"}],"about":[{"href":"https:\/\/biharertekei.hu\/index.php\/wp-json\/wp\/v2\/types\/page"}],"author":[{"embeddable":true,"href":"https:\/\/biharertekei.hu\/index.php\/wp-json\/wp\/v2\/users\/1"}],"replies":[{"embeddable":true,"href":"https:\/\/biharertekei.hu\/index.php\/wp-json\/wp\/v2\/comments?post=4665"}],"version-history":[{"count":14,"href":"https:\/\/biharertekei.hu\/index.php\/wp-json\/wp\/v2\/pages\/4665\/revisions"}],"predecessor-version":[{"id":4875,"href":"https:\/\/biharertekei.hu\/index.php\/wp-json\/wp\/v2\/pages\/4665\/revisions\/4875"}],"wp:attachment":[{"href":"https:\/\/biharertekei.hu\/index.php\/wp-json\/wp\/v2\/media?parent=4665"}],"curies":[{"name":"wp","href":"https:\/\/api.w.org\/{rel}","templated":true}]}}